{"id":2,"date":"2024-03-12T15:38:55","date_gmt":"2024-03-12T06:38:55","guid":{"rendered":"http:\/\/57.181.44.63\/?page_id=2"},"modified":"2024-03-12T15:38:55","modified_gmt":"2024-03-12T06:38:55","slug":"trang-mau","status":"publish","type":"page","link":"https:\/\/joyjapan.tokyo\/vi\/trang-mau\/","title":{"rendered":"Trang m\u1eabu"},"content":{"rendered":"<p>\u0110\u00e2y l\u00e0 m\u1ed9t trang m\u1eabu. N\u00f3 kh\u00e1c v\u1edbi m\u1ed9t b\u00e0i \u0111\u0103ng blog \u1edf ch\u1ed7 n\u00f3 \u0111\u01b0\u1ee3c c\u1ed1 \u0111\u1ecbnh \u1edf m\u1ed9t v\u1ecb tr\u00ed v\u00e0 (trong nhi\u1ec1u ch\u1ee7 \u0111\u1ec1) s\u1ebd xu\u1ea5t hi\u1ec7n trong menu \u0111i\u1ec1u h\u01b0\u1edbng c\u1ee7a trang web c\u1ee7a b\u1ea1n. H\u1ea7u h\u1ebft m\u1ecdi ng\u01b0\u1eddi b\u1eaft \u0111\u1ea7u v\u1edbi m\u1ed9t trang gi\u1edbi thi\u1ec7u v\u1ec1 b\u1ea3n th\u00e2n m\u00e0 nh\u1eefng ng\u01b0\u1eddi gh\u00e9 th\u0103m trang web c\u1ee7a h\u1ecd c\u00f3 th\u1ec3 xem. V\u00ed d\u1ee5:<\/p>\n\n\n\n<blockquote class=\"wp-block-quote is-layout-flow wp-block-quote-is-layout-flow\"><p>R\u1ea5t vui \u0111\u01b0\u1ee3c g\u1eb7p b\u1ea1n. Ban ng\u00e0y t\u00f4i l\u00e0m ngh\u1ec1 giao h\u00e0ng b\u1eb1ng xe m\u00e1y, nh\u01b0ng t\u00f4i c\u0169ng l\u00e0 m\u1ed9t di\u1ec5n vi\u00ean \u0111\u1ea7y tham v\u1ecdng. \u0110\u00e2y l\u00e0 trang web c\u1ee7a t\u00f4i. T\u00f4i s\u1ed1ng \u1edf Los Angeles v\u00e0 c\u00f3 m\u1ed9t ch\u00fa ch\u00f3 \u0111\u00e1ng y\u00eau t\u00ean l\u00e0 Jack. T\u00f4i th\u00edch nh\u1eefng ly pi\u00f1a colada v\u00e0 b\u1ecb \u01b0\u1edbt trong c\u01a1n m\u01b0a r\u00e0o.<\/p><\/blockquote>\n\n\n\n<p>Ho\u1eb7c l\u00e0, c\u00e1i n\u00e0y c\u0169ng \u0111\u01b0\u1ee3c.<\/p>\n\n\n\n<blockquote class=\"wp-block-quote is-layout-flow wp-block-quote-is-layout-flow\"><p>K\u1ec3 t\u1eeb khi th\u00e0nh l\u1eadp v\u00e0o n\u0103m 1971, C\u00f4ng ty TNHH XYZ Props \u0111\u00e3 cung c\u1ea5p c\u00e1c \u0111\u1ea1o c\u1ee5 ch\u1ea5t l\u01b0\u1ee3ng cao cho m\u1ecdi ng\u01b0\u1eddi. Ch\u00fang t\u00f4i c\u00f3 tr\u1ee5 s\u1edf t\u1ea1i Th\u00e0nh ph\u1ed1 Gotham, v\u1edbi h\u01a1n 2.000 nh\u00e2n vi\u00ean l\u00e0m vi\u1ec7c v\u00e0 \u0111\u00f3ng g\u00f3p cho c\u1ed9ng \u0111\u1ed3ng \u0111\u1ecba ph\u01b0\u01a1ng theo nhi\u1ec1u c\u00e1ch kh\u00e1c nhau.<\/p><\/blockquote>\n\n\n\n<p>Nh\u1eefng ng\u01b0\u1eddi d\u00f9ng WordPress m\u1edbi,<a href=\"http:\/\/57.181.44.63\/wp-admin\/\">B\u1ea3ng \u0111i\u1ec1u khi\u1ec3n<\/a>H\u00e3y \u0111\u1ebfn trang n\u00e0y, x\u00f3a n\u00f3 v\u00e0 t\u1ea1o m\u1ed9t trang m\u1edbi v\u1edbi n\u1ed9i dung c\u1ee7a ri\u00eang b\u1ea1n. Ch\u00fac b\u1ea1n vui v\u1ebb!<\/p>","protected":false},"excerpt":{"rendered":"<p>\u0110\u00e2y l\u00e0 m\u1ed9t trang m\u1eabu. N\u00f3 s\u1ebd \u0111\u01b0\u1ee3c g\u1eafn c\u1ed1 \u0111\u1ecbnh t\u1ea1i m\u1ed9t v\u1ecb tr\u00ed v\u00e0 (trong nhi\u1ec1u ch\u1ee7 \u0111\u1ec1) s\u1ebd xu\u1ea5t hi\u1ec7n trong menu \u0111i\u1ec1u h\u01b0\u1edbng c\u1ee7a trang web v\u00ec n\u00f3 [...]<\/p>","protected":false},"author":1,"featured_media":0,"parent":0,"menu_order":0,"comment_status":"closed","ping_status":"open","template":"","meta":{"footnotes":""},"class_list":["post-2","page","type-page","status-publish","hentry"],"yoast_head":"<!-- This site is optimized with the Yoast SEO plugin v27.4 - https:\/\/yoast.com\/product\/yoast-seo-wordpress\/ -->\n<title>\u30b5\u30f3\u30d7\u30eb\u30da\u30fc\u30b8 - JOY JAPAN \u63ea\u611b\u65e5\u672c<\/title>\n<meta name=\"robots\" content=\"index, follow, max-snippet:-1, max-image-preview:large, max-video-preview:-1\" \/>\n<link rel=\"canonical\" href=\"https:\/\/joyjapan.tokyo\/vi\/trang-mau\/\" \/>\n<meta property=\"og:locale\" content=\"vi_VN\" \/>\n<meta property=\"og:type\" content=\"article\" \/>\n<meta property=\"og:title\" content=\"\u30b5\u30f3\u30d7\u30eb\u30da\u30fc\u30b8 - JOY JAPAN \u63ea\u611b\u65e5\u672c\" \/>\n<meta property=\"og:description\" content=\"\u3053\u308c\u306f\u30b5\u30f3\u30d7\u30eb\u30da\u30fc\u30b8\u3067\u3059\u3002\u540c\u3058\u4f4d\u7f6e\u306b\u56fa\u5b9a\u3055\u308c\u3001(\u591a\u304f\u306e\u30c6\u30fc\u30de\u3067\u306f) \u30b5\u30a4\u30c8\u30ca\u30d3\u30b2\u30fc\u30b7\u30e7\u30f3\u30e1\u30cb\u30e5\u30fc\u306b\u542b\u307e\u308c\u308b\u70b9\u304c [&hellip;]\" \/>\n<meta property=\"og:url\" content=\"https:\/\/joyjapan.tokyo\/vi\/trang-mau\/\" \/>\n<meta property=\"og:site_name\" content=\"JOY JAPAN \u63ea\u611b\u65e5\u672c\" \/>\n<meta property=\"article:publisher\" content=\"https:\/\/www.facebook.com\/profile.php?id=61558041710771\" \/>\n<meta name=\"twitter:card\" content=\"summary_large_image\" \/>\n<script type=\"application\/ld+json\" class=\"yoast-schema-graph\">{\"@context\":\"https:\\\/\\\/schema.org\",\"@graph\":[{\"@type\":\"WebPage\",\"@id\":\"https:\\\/\\\/joyjapan.tokyo\\\/sample-page\\\/\",\"url\":\"https:\\\/\\\/joyjapan.tokyo\\\/sample-page\\\/\",\"name\":\"\u30b5\u30f3\u30d7\u30eb\u30da\u30fc\u30b8 - JOY JAPAN \u63ea\u611b\u65e5\u672c\",\"isPartOf\":{\"@id\":\"https:\\\/\\\/joyjapan.tokyo\\\/#website\"},\"datePublished\":\"2024-03-12T06:38:55+00:00\",\"breadcrumb\":{\"@id\":\"https:\\\/\\\/joyjapan.tokyo\\\/sample-page\\\/#breadcrumb\"},\"inLanguage\":\"vi\",\"potentialAction\":[{\"@type\":\"ReadAction\",\"target\":[\"https:\\\/\\\/joyjapan.tokyo\\\/sample-page\\\/\"]}]},{\"@type\":\"BreadcrumbList\",\"@id\":\"https:\\\/\\\/joyjapan.tokyo\\\/sample-page\\\/#breadcrumb\",\"itemListElement\":[{\"@type\":\"ListItem\",\"position\":1,\"name\":\"HOME\",\"item\":\"https:\\\/\\\/joyjapan.tokyo\\\/\"},{\"@type\":\"ListItem\",\"position\":2,\"name\":\"\u30b5\u30f3\u30d7\u30eb\u30da\u30fc\u30b8\"}]},{\"@type\":\"WebSite\",\"@id\":\"https:\\\/\\\/joyjapan.tokyo\\\/#website\",\"url\":\"https:\\\/\\\/joyjapan.tokyo\\\/\",\"name\":\"JOY JAPAN \u63ea\u611b\u65e5\u672c\",\"description\":\"\u65e5\u672c\uff0c\u8b93\u4f60\u767e\u73a9\u4e0d\u53ad\uff01 \u63ea\u611b\u65e5\u672c\uff0c\u5e36\u4f60\u63a2\u7d22\u65e5\u672c\u96b1\u85cf\u7248\u666f\u9ede\uff01\",\"publisher\":{\"@id\":\"https:\\\/\\\/joyjapan.tokyo\\\/#organization\"},\"potentialAction\":[{\"@type\":\"SearchAction\",\"target\":{\"@type\":\"EntryPoint\",\"urlTemplate\":\"https:\\\/\\\/joyjapan.tokyo\\\/?s={search_term_string}\"},\"query-input\":{\"@type\":\"PropertyValueSpecification\",\"valueRequired\":true,\"valueName\":\"search_term_string\"}}],\"inLanguage\":\"vi\"},{\"@type\":\"Organization\",\"@id\":\"https:\\\/\\\/joyjapan.tokyo\\\/#organization\",\"name\":\"BeA,Inc.\",\"url\":\"https:\\\/\\\/joyjapan.tokyo\\\/\",\"logo\":{\"@type\":\"ImageObject\",\"inLanguage\":\"vi\",\"@id\":\"https:\\\/\\\/joyjapan.tokyo\\\/#\\\/schema\\\/logo\\\/image\\\/\",\"url\":\"http:\\\/\\\/57.181.44.63\\\/wp-content\\\/uploads\\\/2024\\\/04\\\/logo.png\",\"contentUrl\":\"http:\\\/\\\/57.181.44.63\\\/wp-content\\\/uploads\\\/2024\\\/04\\\/logo.png\",\"width\":400,\"height\":400,\"caption\":\"BeA,Inc.\"},\"image\":{\"@id\":\"https:\\\/\\\/joyjapan.tokyo\\\/#\\\/schema\\\/logo\\\/image\\\/\"},\"sameAs\":[\"https:\\\/\\\/www.facebook.com\\\/profile.php?id=61558041710771\",\"https:\\\/\\\/www.instagram.com\\\/joyjapan.tokyo\\\/\"]}]}<\/script>\n<!-- \/ Yoast SEO plugin. -->","yoast_head_json":{"title":"Trang m\u1eabu - JOY JAPAN \u63ea\u611b\u65e5\u672c","robots":{"index":"index","follow":"follow","max-snippet":"max-snippet:-1","max-image-preview":"max-image-preview:large","max-video-preview":"max-video-preview:-1"},"canonical":"https:\/\/joyjapan.tokyo\/vi\/trang-mau\/","og_locale":"vi_VN","og_type":"article","og_title":"\u30b5\u30f3\u30d7\u30eb\u30da\u30fc\u30b8 - JOY JAPAN \u63ea\u611b\u65e5\u672c","og_description":"\u3053\u308c\u306f\u30b5\u30f3\u30d7\u30eb\u30da\u30fc\u30b8\u3067\u3059\u3002\u540c\u3058\u4f4d\u7f6e\u306b\u56fa\u5b9a\u3055\u308c\u3001(\u591a\u304f\u306e\u30c6\u30fc\u30de\u3067\u306f) \u30b5\u30a4\u30c8\u30ca\u30d3\u30b2\u30fc\u30b7\u30e7\u30f3\u30e1\u30cb\u30e5\u30fc\u306b\u542b\u307e\u308c\u308b\u70b9\u304c [&hellip;]","og_url":"https:\/\/joyjapan.tokyo\/vi\/trang-mau\/","og_site_name":"JOY JAPAN \u63ea\u611b\u65e5\u672c","article_publisher":"https:\/\/www.facebook.com\/profile.php?id=61558041710771","twitter_card":"summary_large_image","schema":{"@context":"https:\/\/schema.org","@graph":[{"@type":"WebPage","@id":"https:\/\/joyjapan.tokyo\/sample-page\/","url":"https:\/\/joyjapan.tokyo\/sample-page\/","name":"Trang m\u1eabu - JOY JAPAN \u63ea\u611b\u65e5\u672c","isPartOf":{"@id":"https:\/\/joyjapan.tokyo\/#website"},"datePublished":"2024-03-12T06:38:55+00:00","breadcrumb":{"@id":"https:\/\/joyjapan.tokyo\/sample-page\/#breadcrumb"},"inLanguage":"vi","potentialAction":[{"@type":"ReadAction","target":["https:\/\/joyjapan.tokyo\/sample-page\/"]}]},{"@type":"BreadcrumbList","@id":"https:\/\/joyjapan.tokyo\/sample-page\/#breadcrumb","itemListElement":[{"@type":"ListItem","position":1,"name":"HOME","item":"https:\/\/joyjapan.tokyo\/"},{"@type":"ListItem","position":2,"name":"\u30b5\u30f3\u30d7\u30eb\u30da\u30fc\u30b8"}]},{"@type":"WebSite","@id":"https:\/\/joyjapan.tokyo\/#website","url":"https:\/\/joyjapan.tokyo\/","name":"JOY JAPAN Y\u00eau Nh\u1eadt B\u1ea3n","description":"Nh\u1eadt B\u1ea3n, n\u01a1i b\u1ea1n c\u00f3 th\u1ec3 kh\u00e1m ph\u00e1 m\u00e3i kh\u00f4ng ch\u00e1n! Y\u00eau Nh\u1eadt B\u1ea3n, \u0111\u01b0a b\u1ea1n kh\u00e1m ph\u00e1 nh\u1eefng \u0111i\u1ec3m tham quan \u1ea9n gi\u1ea5u c\u1ee7a Nh\u1eadt B\u1ea3n!","publisher":{"@id":"https:\/\/joyjapan.tokyo\/#organization"},"potentialAction":[{"@type":"SearchAction","target":{"@type":"EntryPoint","urlTemplate":"https:\/\/joyjapan.tokyo\/?s={search_term_string}"},"query-input":{"@type":"PropertyValueSpecification","valueRequired":true,"valueName":"search_term_string"}}],"inLanguage":"vi"},{"@type":"Organization","@id":"https:\/\/joyjapan.tokyo\/#organization","name":"BeA, Inc.","url":"https:\/\/joyjapan.tokyo\/","logo":{"@type":"ImageObject","inLanguage":"vi","@id":"https:\/\/joyjapan.tokyo\/#\/schema\/logo\/image\/","url":"http:\/\/57.181.44.63\/wp-content\/uploads\/2024\/04\/logo.png","contentUrl":"http:\/\/57.181.44.63\/wp-content\/uploads\/2024\/04\/logo.png","width":400,"height":400,"caption":"BeA,Inc."},"image":{"@id":"https:\/\/joyjapan.tokyo\/#\/schema\/logo\/image\/"},"sameAs":["https:\/\/www.facebook.com\/profile.php?id=61558041710771","https:\/\/www.instagram.com\/joyjapan.tokyo\/"]}]}},"_links":{"self":[{"href":"https:\/\/joyjapan.tokyo\/vi\/wp-json\/wp\/v2\/pages\/2","targetHints":{"allow":["GET"]}}],"collection":[{"href":"https:\/\/joyjapan.tokyo\/vi\/wp-json\/wp\/v2\/pages"}],"about":[{"href":"https:\/\/joyjapan.tokyo\/vi\/wp-json\/wp\/v2\/types\/page"}],"author":[{"embeddable":true,"href":"https:\/\/joyjapan.tokyo\/vi\/wp-json\/wp\/v2\/users\/1"}],"replies":[{"embeddable":true,"href":"https:\/\/joyjapan.tokyo\/vi\/wp-json\/wp\/v2\/comments?post=2"}],"version-history":[{"count":0,"href":"https:\/\/joyjapan.tokyo\/vi\/wp-json\/wp\/v2\/pages\/2\/revisions"}],"wp:attachment":[{"href":"https:\/\/joyjapan.tokyo\/vi\/wp-json\/wp\/v2\/media?parent=2"}],"curies":[{"name":"wp","href":"https:\/\/api.w.org\/{rel}","templated":true}]}}