{"id":54,"date":"2024-03-29T05:54:04","date_gmt":"2024-03-28T20:54:04","guid":{"rendered":"http:\/\/57.181.44.63\/?page_id=54"},"modified":"2024-04-23T10:20:35","modified_gmt":"2024-04-23T02:20:35","slug":"company","status":"publish","type":"page","link":"https:\/\/joyjapan.tokyo\/vi\/company\/","title":{"rendered":"Doanh nghi\u1ec7p v\u1eadn h\u00e0nh"},"content":{"rendered":"<p><a href=\"https:\/\/bea.jp\"><img loading=\"lazy\" decoding=\"async\" class=\"alignnone\" src=\"http:\/\/57.181.44.63\/wp-content\/uploads\/2024\/04\/BeA_\u30ed\u30b4.png\" alt=\"\" width=\"239\" height=\"128\" \/><\/a><\/p>\r\n<p>&nbsp;<\/p>\r\n<h3>T\u00ean c\u00f4ng ty<\/h3>\r\n<p>BeA, Inc.<\/p>\r\n<h3>\u0110\u1ecba ch\u1ec9<\/h3>\r\n<p>151-0053<\/p>\r\n<p>2-23-1 Yoyogi, Shibuya-ku, Tokyo New State Menor 1005<\/p>\r\n<h3>trang web<\/h3>\r\n<p><a href=\"https:\/\/bea.jp\/\">C\u00f4ng ty c\u1ed5 ph\u1ea7n BeA<\/a><\/p>\r\n<h3>\u0110\u1ed1i v\u1edbi nh\u1eefng ng\u01b0\u1eddi mu\u1ed1n \u0111\u0103ng b\u00e0i tr\u00ean \"JOY JAPAN Y\u00eau Nh\u1eadt B\u1ea3n\"<\/h3>\r\n<p>Ch\u00fang t\u00f4i \u0111\u00e3 chu\u1ea9n b\u1ecb t\u00e0i li\u1ec7u truy\u1ec1n th\u00f4ng. Vui l\u00f2ng li\u00ean h\u1ec7 v\u1edbi ch\u00fang t\u00f4i n\u1ebfu qu\u00fd v\u1ecb c\u00f3 nhu c\u1ea7u.<\/p>\r\n<p>&nbsp;<\/p>","protected":false},"excerpt":{"rendered":"<p>&nbsp; T\u00ean c\u00f4ng ty BeA,Inc. \u0110\u1ecba ch\u1ec9 151-0053 Tokyo-to, Shibuya-ku, Yoyogi 2-23-1 New S [\u2026]<\/p>","protected":false},"author":1,"featured_media":0,"parent":0,"menu_order":0,"comment_status":"closed","ping_status":"closed","template":"","meta":{"footnotes":""},"class_list":["post-54","page","type-page","status-publish","hentry"],"yoast_head":"<!-- This site is optimized with the Yoast SEO plugin v22.3 - https:\/\/yoast.com\/wordpress\/plugins\/seo\/ -->\n<title>\u71df\u904b\u4f01\u696d - JOY JAPAN \u63ea\u611b\u65e5\u672c<\/title>\n<meta name=\"robots\" content=\"index, follow, max-snippet:-1, max-image-preview:large, max-video-preview:-1\" \/>\n<link rel=\"canonical\" href=\"https:\/\/joyjapan.tokyo\/vi\/company\/\" \/>\n<meta property=\"og:locale\" content=\"vi_VN\" \/>\n<meta property=\"og:type\" content=\"article\" \/>\n<meta property=\"og:title\" content=\"\u71df\u904b\u4f01\u696d - JOY JAPAN \u63ea\u611b\u65e5\u672c\" \/>\n<meta property=\"og:description\" content=\"&nbsp; \u516c\u53f8\u540d\u7a31 BeA,Inc. \u5730\u5740 151-0053 \u6771\u4eac\u90fd\u6f80\u8c37\u5340\u4ee3\u4ee3\u6728 2-23-1 New S [&hellip;]\" \/>\n<meta property=\"og:url\" content=\"https:\/\/joyjapan.tokyo\/vi\/company\/\" \/>\n<meta property=\"og:site_name\" content=\"JOY JAPAN \u63ea\u611b\u65e5\u672c\" \/>\n<meta property=\"article:publisher\" content=\"https:\/\/www.facebook.com\/profile.php?id=61558041710771\" \/>\n<meta property=\"article:modified_time\" content=\"2024-04-23T02:20:35+00:00\" \/>\n<meta name=\"twitter:card\" content=\"summary_large_image\" \/>\n<meta name=\"twitter:label1\" content=\"\u01af\u1edbc t\u00ednh th\u1eddi gian \u0111\u1ecdc\" \/>\n\t<meta name=\"twitter:data1\" content=\"1 ph\u00fat\" \/>\n<script type=\"application\/ld+json\" class=\"yoast-schema-graph\">{\"@context\":\"https:\/\/schema.org\",\"@graph\":[{\"@type\":\"WebPage\",\"@id\":\"https:\/\/joyjapan.tokyo\/company\/\",\"url\":\"https:\/\/joyjapan.tokyo\/company\/\",\"name\":\"\u71df\u904b\u4f01\u696d - JOY JAPAN \u63ea\u611b\u65e5\u672c\",\"isPartOf\":{\"@id\":\"https:\/\/joyjapan.tokyo\/#website\"},\"datePublished\":\"2024-03-28T20:54:04+00:00\",\"dateModified\":\"2024-04-23T02:20:35+00:00\",\"breadcrumb\":{\"@id\":\"https:\/\/joyjapan.tokyo\/company\/#breadcrumb\"},\"inLanguage\":\"vi\",\"potentialAction\":[{\"@type\":\"ReadAction\",\"target\":[\"https:\/\/joyjapan.tokyo\/company\/\"]}]},{\"@type\":\"BreadcrumbList\",\"@id\":\"https:\/\/joyjapan.tokyo\/company\/#breadcrumb\",\"itemListElement\":[{\"@type\":\"ListItem\",\"position\":1,\"name\":\"HOME\",\"item\":\"https:\/\/joyjapan.tokyo\/\"},{\"@type\":\"ListItem\",\"position\":2,\"name\":\"\u71df\u904b\u4f01\u696d\"}]},{\"@type\":\"WebSite\",\"@id\":\"https:\/\/joyjapan.tokyo\/#website\",\"url\":\"https:\/\/joyjapan.tokyo\/\",\"name\":\"JOY JAPAN \u63ea\u611b\u65e5\u672c\",\"description\":\"\u65e5\u672c\uff0c\u8b93\u4f60\u767e\u73a9\u4e0d\u53ad\uff01 \u63ea\u611b\u65e5\u672c\uff0c\u5e36\u4f60\u63a2\u7d22\u65e5\u672c\u96b1\u85cf\u7248\u666f\u9ede\uff01\",\"publisher\":{\"@id\":\"https:\/\/joyjapan.tokyo\/#organization\"},\"potentialAction\":[{\"@type\":\"SearchAction\",\"target\":{\"@type\":\"EntryPoint\",\"urlTemplate\":\"https:\/\/joyjapan.tokyo\/?s={search_term_string}\"},\"query-input\":\"required name=search_term_string\"}],\"inLanguage\":\"vi\"},{\"@type\":\"Organization\",\"@id\":\"https:\/\/joyjapan.tokyo\/#organization\",\"name\":\"BeA,Inc.\",\"url\":\"https:\/\/joyjapan.tokyo\/\",\"logo\":{\"@type\":\"ImageObject\",\"inLanguage\":\"vi\",\"@id\":\"https:\/\/joyjapan.tokyo\/#\/schema\/logo\/image\/\",\"url\":\"http:\/\/57.181.44.63\/wp-content\/uploads\/2024\/04\/logo.png\",\"contentUrl\":\"http:\/\/57.181.44.63\/wp-content\/uploads\/2024\/04\/logo.png\",\"width\":400,\"height\":400,\"caption\":\"BeA,Inc.\"},\"image\":{\"@id\":\"https:\/\/joyjapan.tokyo\/#\/schema\/logo\/image\/\"},\"sameAs\":[\"https:\/\/www.facebook.com\/profile.php?id=61558041710771\",\"https:\/\/www.instagram.com\/joyjapan.tokyo\/\"]}]}<\/script>\n<!-- \/ Yoast SEO plugin. -->","yoast_head_json":{"title":"\u71df\u904b\u4f01\u696d - JOY JAPAN \u63ea\u611b\u65e5\u672c","robots":{"index":"index","follow":"follow","max-snippet":"max-snippet:-1","max-image-preview":"max-image-preview:large","max-video-preview":"max-video-preview:-1"},"canonical":"https:\/\/joyjapan.tokyo\/vi\/company\/","og_locale":"vi_VN","og_type":"article","og_title":"\u71df\u904b\u4f01\u696d - JOY JAPAN \u63ea\u611b\u65e5\u672c","og_description":"&nbsp; \u516c\u53f8\u540d\u7a31 BeA,Inc. \u5730\u5740 151-0053 \u6771\u4eac\u90fd\u6f80\u8c37\u5340\u4ee3\u4ee3\u6728 2-23-1 New S [&hellip;]","og_url":"https:\/\/joyjapan.tokyo\/vi\/company\/","og_site_name":"JOY JAPAN \u63ea\u611b\u65e5\u672c","article_publisher":"https:\/\/www.facebook.com\/profile.php?id=61558041710771","article_modified_time":"2024-04-23T02:20:35+00:00","twitter_card":"summary_large_image","twitter_misc":{"\u01af\u1edbc t\u00ednh th\u1eddi gian \u0111\u1ecdc":"1 ph\u00fat"},"schema":{"@context":"https:\/\/schema.org","@graph":[{"@type":"WebPage","@id":"https:\/\/joyjapan.tokyo\/company\/","url":"https:\/\/joyjapan.tokyo\/company\/","name":"\u71df\u904b\u4f01\u696d - JOY JAPAN \u63ea\u611b\u65e5\u672c","isPartOf":{"@id":"https:\/\/joyjapan.tokyo\/#website"},"datePublished":"2024-03-28T20:54:04+00:00","dateModified":"2024-04-23T02:20:35+00:00","breadcrumb":{"@id":"https:\/\/joyjapan.tokyo\/company\/#breadcrumb"},"inLanguage":"vi","potentialAction":[{"@type":"ReadAction","target":["https:\/\/joyjapan.tokyo\/company\/"]}]},{"@type":"BreadcrumbList","@id":"https:\/\/joyjapan.tokyo\/company\/#breadcrumb","itemListElement":[{"@type":"ListItem","position":1,"name":"HOME","item":"https:\/\/joyjapan.tokyo\/"},{"@type":"ListItem","position":2,"name":"\u71df\u904b\u4f01\u696d"}]},{"@type":"WebSite","@id":"https:\/\/joyjapan.tokyo\/#website","url":"https:\/\/joyjapan.tokyo\/","name":"JOY JAPAN Y\u00eau Nh\u1eadt B\u1ea3n","description":"Nh\u1eadt B\u1ea3n, n\u01a1i b\u1ea1n c\u00f3 th\u1ec3 kh\u00e1m ph\u00e1 m\u00e3i kh\u00f4ng ch\u00e1n! Y\u00eau Nh\u1eadt B\u1ea3n, \u0111\u01b0a b\u1ea1n kh\u00e1m ph\u00e1 nh\u1eefng \u0111i\u1ec3m tham quan \u1ea9n gi\u1ea5u c\u1ee7a Nh\u1eadt B\u1ea3n!","publisher":{"@id":"https:\/\/joyjapan.tokyo\/#organization"},"potentialAction":[{"@type":"SearchAction","target":{"@type":"EntryPoint","urlTemplate":"https:\/\/joyjapan.tokyo\/?s={search_term_string}"},"query-input":"required name=search_term_string"}],"inLanguage":"vi"},{"@type":"Organization","@id":"https:\/\/joyjapan.tokyo\/#organization","name":"BeA, Inc.","url":"https:\/\/joyjapan.tokyo\/","logo":{"@type":"ImageObject","inLanguage":"vi","@id":"https:\/\/joyjapan.tokyo\/#\/schema\/logo\/image\/","url":"http:\/\/57.181.44.63\/wp-content\/uploads\/2024\/04\/logo.png","contentUrl":"http:\/\/57.181.44.63\/wp-content\/uploads\/2024\/04\/logo.png","width":400,"height":400,"caption":"BeA,Inc."},"image":{"@id":"https:\/\/joyjapan.tokyo\/#\/schema\/logo\/image\/"},"sameAs":["https:\/\/www.facebook.com\/profile.php?id=61558041710771","https:\/\/www.instagram.com\/joyjapan.tokyo\/"]}]}},"_links":{"self":[{"href":"https:\/\/joyjapan.tokyo\/vi\/wp-json\/wp\/v2\/pages\/54","targetHints":{"allow":["GET"]}}],"collection":[{"href":"https:\/\/joyjapan.tokyo\/vi\/wp-json\/wp\/v2\/pages"}],"about":[{"href":"https:\/\/joyjapan.tokyo\/vi\/wp-json\/wp\/v2\/types\/page"}],"author":[{"embeddable":true,"href":"https:\/\/joyjapan.tokyo\/vi\/wp-json\/wp\/v2\/users\/1"}],"replies":[{"embeddable":true,"href":"https:\/\/joyjapan.tokyo\/vi\/wp-json\/wp\/v2\/comments?post=54"}],"version-history":[{"count":11,"href":"https:\/\/joyjapan.tokyo\/vi\/wp-json\/wp\/v2\/pages\/54\/revisions"}],"predecessor-version":[{"id":4804,"href":"https:\/\/joyjapan.tokyo\/vi\/wp-json\/wp\/v2\/pages\/54\/revisions\/4804"}],"wp:attachment":[{"href":"https:\/\/joyjapan.tokyo\/vi\/wp-json\/wp\/v2\/media?parent=54"}],"curies":[{"name":"wp","href":"https:\/\/api.w.org\/{rel}","templated":true}]}}