{"id":56,"date":"2024-03-29T05:55:03","date_gmt":"2024-03-28T20:55:03","guid":{"rendered":"http:\/\/57.181.44.63\/?page_id=56"},"modified":"2024-04-23T10:21:50","modified_gmt":"2024-04-23T02:21:50","slug":"writer","status":"publish","type":"page","link":"https:\/\/joyjapan.tokyo\/vi\/writer\/","title":{"rendered":"Danh s\u00e1ch t\u00e1c gi\u1ea3"},"content":{"rendered":"<p><img decoding=\"async\" src=\"http:\/\/57.181.44.63\/wp-content\/uploads\/2024\/04\/logo.png\" alt=\"\" \/><\/p>\n<h2 class=\"x9f619 xjbqb8w x168nmei x13lgxp2 x5pf9jr xo71vjh x1uhb9sk x1plvlek xryxfnj x1c4vz4f x2lah0s x1q0g3np xqjyukv x1oa3qoh x6s0dn4 x1amjocr x78zum5 xl56j7k\"><span class=\"x1lliihq x1plvlek xryxfnj x1n2onr6 x193iq5w xeuugli x1fj9vlw x13faqbe x1vvkbs x1s928wv xhkezso x1gmr53x x1cpjm7i x1fgarty x1943h6x x1i0vuye xvs91rp x1s688f x5n08af x10wh9bi x1wdrske x8viiok x18hxmgj\" dir=\"auto\">JOY JAPAN Y\u00eau Nh\u1eadt B\u1ea3n<\/span><\/h2>\n<p class=\"_ap3a _aaco _aacu _aacx _aad6 _aade\" dir=\"auto\">Nh\u1eadt B\u1ea3n, n\u01a1i b\u1ea1n c\u00f3 th\u1ec3 vui ch\u01a1i m\u00e3i kh\u00f4ng ch\u00e1n\ud83c\uddef\ud83c\uddf5<br \/>\nY\u00eau Nh\u1eadt B\u1ea3n, \u0111\u01b0a b\u1ea1n kh\u00e1m ph\u00e1 nh\u1eefng \u0111i\u1ec3m tham quan \u1ea9n gi\u1ea5u c\u1ee7a Nh\u1eadt B\u1ea3n\u2728<br \/>\n\u0110\u00e2y l\u00e0 \u0111\u00e2u? \u0110\u00e2y l\u00e0 g\u00ec? T\u00f4i nh\u1ea5t \u0111\u1ecbnh ph\u1ea3i l\u00e0m nh\u1eefng vi\u1ec7c n\u00e0y!<br \/>\nY\u00eau Nh\u1eadt B\u1ea3n, gi\u00fap b\u1ea1n t\u00ecm ra l\u00fd do kh\u00f4ng \u0111\u1ebfn Nh\u1eadt B\u1ea3n \u2708\ufe0f<\/p>","protected":false},"excerpt":{"rendered":"<p>JOY JAPAN Y\u00eau Nh\u1eadt B\u1ea3n Nh\u1eadt B\u1ea3n, n\u01a1i b\u1ea1n c\u00f3 th\u1ec3 kh\u00e1m ph\u00e1 m\u00e3i kh\u00f4ng ch\u00e1n \ud83c\uddef\ud83c\uddf5 Y\u00eau Nh\u1eadt B\u1ea3n, \u0111\u01b0a b\u1ea1n kh\u00e1m ph\u00e1 nh\u1eefng \u0111i\u1ec3m tham quan b\u00ed m\u1eadt c\u1ee7a Nh\u1eadt B\u1ea3n \u2728 \u0110\u00e2y l\u00e0 \u0111\u00e2u? \u0110\u00e2y l\u00e0 g\u00ec [\u2026]<\/p>","protected":false},"author":1,"featured_media":0,"parent":0,"menu_order":0,"comment_status":"closed","ping_status":"closed","template":"","meta":{"footnotes":""},"class_list":["post-56","page","type-page","status-publish","hentry"],"yoast_head":"<!-- This site is optimized with the Yoast SEO plugin v22.3 - https:\/\/yoast.com\/wordpress\/plugins\/seo\/ -->\n<title>\u4f5c\u5bb6\u4e00\u89a7 - JOY JAPAN \u63ea\u611b\u65e5\u672c<\/title>\n<meta name=\"robots\" content=\"index, follow, max-snippet:-1, max-image-preview:large, max-video-preview:-1\" \/>\n<link rel=\"canonical\" href=\"https:\/\/joyjapan.tokyo\/vi\/writer\/\" \/>\n<meta property=\"og:locale\" content=\"vi_VN\" \/>\n<meta property=\"og:type\" content=\"article\" \/>\n<meta property=\"og:title\" content=\"\u4f5c\u5bb6\u4e00\u89a7 - JOY JAPAN \u63ea\u611b\u65e5\u672c\" \/>\n<meta property=\"og:description\" content=\"JOY JAPAN \u63ea\u611b\u65e5\u672c \u65e5\u672c\uff0c\u8b93\u4f60\u767e\u73a9\u4e0d\u53ad\ud83c\uddef\ud83c\uddf5 \u63ea\u611b\u65e5\u672c\uff0c\u5e36\u4f60\u63a2\u7d22\u65e5\u672c\u96b1\u85cf\u7248\u666f\u9ede\u2728 \u9019\u88e1\u662f\u54ea\u88e1\uff1f\u9019\u662f\u4ec0\u9ebc [&hellip;]\" \/>\n<meta property=\"og:url\" content=\"https:\/\/joyjapan.tokyo\/vi\/writer\/\" \/>\n<meta property=\"og:site_name\" content=\"JOY JAPAN \u63ea\u611b\u65e5\u672c\" \/>\n<meta property=\"article:publisher\" content=\"https:\/\/www.facebook.com\/profile.php?id=61558041710771\" \/>\n<meta property=\"article:modified_time\" content=\"2024-04-23T02:21:50+00:00\" \/>\n<meta property=\"og:image\" content=\"http:\/\/57.181.44.63\/wp-content\/uploads\/2024\/04\/logo.png\" \/>\n<meta name=\"twitter:card\" content=\"summary_large_image\" \/>\n<meta name=\"twitter:label1\" content=\"\u01af\u1edbc t\u00ednh th\u1eddi gian \u0111\u1ecdc\" \/>\n\t<meta name=\"twitter:data1\" content=\"1 ph\u00fat\" \/>\n<script type=\"application\/ld+json\" class=\"yoast-schema-graph\">{\"@context\":\"https:\/\/schema.org\",\"@graph\":[{\"@type\":\"WebPage\",\"@id\":\"https:\/\/joyjapan.tokyo\/writer\/\",\"url\":\"https:\/\/joyjapan.tokyo\/writer\/\",\"name\":\"\u4f5c\u5bb6\u4e00\u89a7 - JOY JAPAN \u63ea\u611b\u65e5\u672c\",\"isPartOf\":{\"@id\":\"https:\/\/joyjapan.tokyo\/#website\"},\"primaryImageOfPage\":{\"@id\":\"https:\/\/joyjapan.tokyo\/writer\/#primaryimage\"},\"image\":{\"@id\":\"https:\/\/joyjapan.tokyo\/writer\/#primaryimage\"},\"thumbnailUrl\":\"http:\/\/57.181.44.63\/wp-content\/uploads\/2024\/04\/logo.png\",\"datePublished\":\"2024-03-28T20:55:03+00:00\",\"dateModified\":\"2024-04-23T02:21:50+00:00\",\"breadcrumb\":{\"@id\":\"https:\/\/joyjapan.tokyo\/writer\/#breadcrumb\"},\"inLanguage\":\"vi\",\"potentialAction\":[{\"@type\":\"ReadAction\",\"target\":[\"https:\/\/joyjapan.tokyo\/writer\/\"]}]},{\"@type\":\"ImageObject\",\"inLanguage\":\"vi\",\"@id\":\"https:\/\/joyjapan.tokyo\/writer\/#primaryimage\",\"url\":\"https:\/\/joyjapan.tokyo\/wp-content\/uploads\/2024\/04\/logo.png\",\"contentUrl\":\"https:\/\/joyjapan.tokyo\/wp-content\/uploads\/2024\/04\/logo.png\",\"width\":400,\"height\":400},{\"@type\":\"BreadcrumbList\",\"@id\":\"https:\/\/joyjapan.tokyo\/writer\/#breadcrumb\",\"itemListElement\":[{\"@type\":\"ListItem\",\"position\":1,\"name\":\"HOME\",\"item\":\"https:\/\/joyjapan.tokyo\/\"},{\"@type\":\"ListItem\",\"position\":2,\"name\":\"\u4f5c\u5bb6\u4e00\u89a7\"}]},{\"@type\":\"WebSite\",\"@id\":\"https:\/\/joyjapan.tokyo\/#website\",\"url\":\"https:\/\/joyjapan.tokyo\/\",\"name\":\"JOY JAPAN \u63ea\u611b\u65e5\u672c\",\"description\":\"\u65e5\u672c\uff0c\u8b93\u4f60\u767e\u73a9\u4e0d\u53ad\uff01 \u63ea\u611b\u65e5\u672c\uff0c\u5e36\u4f60\u63a2\u7d22\u65e5\u672c\u96b1\u85cf\u7248\u666f\u9ede\uff01\",\"publisher\":{\"@id\":\"https:\/\/joyjapan.tokyo\/#organization\"},\"potentialAction\":[{\"@type\":\"SearchAction\",\"target\":{\"@type\":\"EntryPoint\",\"urlTemplate\":\"https:\/\/joyjapan.tokyo\/?s={search_term_string}\"},\"query-input\":\"required name=search_term_string\"}],\"inLanguage\":\"vi\"},{\"@type\":\"Organization\",\"@id\":\"https:\/\/joyjapan.tokyo\/#organization\",\"name\":\"BeA,Inc.\",\"url\":\"https:\/\/joyjapan.tokyo\/\",\"logo\":{\"@type\":\"ImageObject\",\"inLanguage\":\"vi\",\"@id\":\"https:\/\/joyjapan.tokyo\/#\/schema\/logo\/image\/\",\"url\":\"http:\/\/57.181.44.63\/wp-content\/uploads\/2024\/04\/logo.png\",\"contentUrl\":\"http:\/\/57.181.44.63\/wp-content\/uploads\/2024\/04\/logo.png\",\"width\":400,\"height\":400,\"caption\":\"BeA,Inc.\"},\"image\":{\"@id\":\"https:\/\/joyjapan.tokyo\/#\/schema\/logo\/image\/\"},\"sameAs\":[\"https:\/\/www.facebook.com\/profile.php?id=61558041710771\",\"https:\/\/www.instagram.com\/joyjapan.tokyo\/\"]}]}<\/script>\n<!-- \/ Yoast SEO plugin. -->","yoast_head_json":{"title":"\u4f5c\u5bb6\u4e00\u89a7 - JOY JAPAN \u63ea\u611b\u65e5\u672c","robots":{"index":"index","follow":"follow","max-snippet":"max-snippet:-1","max-image-preview":"max-image-preview:large","max-video-preview":"max-video-preview:-1"},"canonical":"https:\/\/joyjapan.tokyo\/vi\/writer\/","og_locale":"vi_VN","og_type":"article","og_title":"\u4f5c\u5bb6\u4e00\u89a7 - JOY JAPAN \u63ea\u611b\u65e5\u672c","og_description":"JOY JAPAN \u63ea\u611b\u65e5\u672c \u65e5\u672c\uff0c\u8b93\u4f60\u767e\u73a9\u4e0d\u53ad\ud83c\uddef\ud83c\uddf5 \u63ea\u611b\u65e5\u672c\uff0c\u5e36\u4f60\u63a2\u7d22\u65e5\u672c\u96b1\u85cf\u7248\u666f\u9ede\u2728 \u9019\u88e1\u662f\u54ea\u88e1\uff1f\u9019\u662f\u4ec0\u9ebc [&hellip;]","og_url":"https:\/\/joyjapan.tokyo\/vi\/writer\/","og_site_name":"JOY JAPAN \u63ea\u611b\u65e5\u672c","article_publisher":"https:\/\/www.facebook.com\/profile.php?id=61558041710771","article_modified_time":"2024-04-23T02:21:50+00:00","og_image":[{"url":"http:\/\/57.181.44.63\/wp-content\/uploads\/2024\/04\/logo.png"}],"twitter_card":"summary_large_image","twitter_misc":{"\u01af\u1edbc t\u00ednh th\u1eddi gian \u0111\u1ecdc":"1 ph\u00fat"},"schema":{"@context":"https:\/\/schema.org","@graph":[{"@type":"WebPage","@id":"https:\/\/joyjapan.tokyo\/writer\/","url":"https:\/\/joyjapan.tokyo\/writer\/","name":"\u4f5c\u5bb6\u4e00\u89a7 - JOY JAPAN \u63ea\u611b\u65e5\u672c","isPartOf":{"@id":"https:\/\/joyjapan.tokyo\/#website"},"primaryImageOfPage":{"@id":"https:\/\/joyjapan.tokyo\/writer\/#primaryimage"},"image":{"@id":"https:\/\/joyjapan.tokyo\/writer\/#primaryimage"},"thumbnailUrl":"http:\/\/57.181.44.63\/wp-content\/uploads\/2024\/04\/logo.png","datePublished":"2024-03-28T20:55:03+00:00","dateModified":"2024-04-23T02:21:50+00:00","breadcrumb":{"@id":"https:\/\/joyjapan.tokyo\/writer\/#breadcrumb"},"inLanguage":"vi","potentialAction":[{"@type":"ReadAction","target":["https:\/\/joyjapan.tokyo\/writer\/"]}]},{"@type":"ImageObject","inLanguage":"vi","@id":"https:\/\/joyjapan.tokyo\/writer\/#primaryimage","url":"https:\/\/joyjapan.tokyo\/wp-content\/uploads\/2024\/04\/logo.png","contentUrl":"https:\/\/joyjapan.tokyo\/wp-content\/uploads\/2024\/04\/logo.png","width":400,"height":400},{"@type":"BreadcrumbList","@id":"https:\/\/joyjapan.tokyo\/writer\/#breadcrumb","itemListElement":[{"@type":"ListItem","position":1,"name":"HOME","item":"https:\/\/joyjapan.tokyo\/"},{"@type":"ListItem","position":2,"name":"\u4f5c\u5bb6\u4e00\u89a7"}]},{"@type":"WebSite","@id":"https:\/\/joyjapan.tokyo\/#website","url":"https:\/\/joyjapan.tokyo\/","name":"JOY JAPAN Y\u00eau Nh\u1eadt B\u1ea3n","description":"Nh\u1eadt B\u1ea3n, n\u01a1i b\u1ea1n c\u00f3 th\u1ec3 kh\u00e1m ph\u00e1 m\u00e3i kh\u00f4ng ch\u00e1n! Y\u00eau Nh\u1eadt B\u1ea3n, \u0111\u01b0a b\u1ea1n kh\u00e1m ph\u00e1 nh\u1eefng \u0111i\u1ec3m tham quan \u1ea9n gi\u1ea5u c\u1ee7a Nh\u1eadt B\u1ea3n!","publisher":{"@id":"https:\/\/joyjapan.tokyo\/#organization"},"potentialAction":[{"@type":"SearchAction","target":{"@type":"EntryPoint","urlTemplate":"https:\/\/joyjapan.tokyo\/?s={search_term_string}"},"query-input":"required name=search_term_string"}],"inLanguage":"vi"},{"@type":"Organization","@id":"https:\/\/joyjapan.tokyo\/#organization","name":"BeA, Inc.","url":"https:\/\/joyjapan.tokyo\/","logo":{"@type":"ImageObject","inLanguage":"vi","@id":"https:\/\/joyjapan.tokyo\/#\/schema\/logo\/image\/","url":"http:\/\/57.181.44.63\/wp-content\/uploads\/2024\/04\/logo.png","contentUrl":"http:\/\/57.181.44.63\/wp-content\/uploads\/2024\/04\/logo.png","width":400,"height":400,"caption":"BeA,Inc."},"image":{"@id":"https:\/\/joyjapan.tokyo\/#\/schema\/logo\/image\/"},"sameAs":["https:\/\/www.facebook.com\/profile.php?id=61558041710771","https:\/\/www.instagram.com\/joyjapan.tokyo\/"]}]}},"_links":{"self":[{"href":"https:\/\/joyjapan.tokyo\/vi\/wp-json\/wp\/v2\/pages\/56","targetHints":{"allow":["GET"]}}],"collection":[{"href":"https:\/\/joyjapan.tokyo\/vi\/wp-json\/wp\/v2\/pages"}],"about":[{"href":"https:\/\/joyjapan.tokyo\/vi\/wp-json\/wp\/v2\/types\/page"}],"author":[{"embeddable":true,"href":"https:\/\/joyjapan.tokyo\/vi\/wp-json\/wp\/v2\/users\/1"}],"replies":[{"embeddable":true,"href":"https:\/\/joyjapan.tokyo\/vi\/wp-json\/wp\/v2\/comments?post=56"}],"version-history":[{"count":6,"href":"https:\/\/joyjapan.tokyo\/vi\/wp-json\/wp\/v2\/pages\/56\/revisions"}],"predecessor-version":[{"id":4444,"href":"https:\/\/joyjapan.tokyo\/vi\/wp-json\/wp\/v2\/pages\/56\/revisions\/4444"}],"wp:attachment":[{"href":"https:\/\/joyjapan.tokyo\/vi\/wp-json\/wp\/v2\/media?parent=56"}],"curies":[{"name":"wp","href":"https:\/\/api.w.org\/{rel}","templated":true}]}}