{"id":62,"date":"2024-03-29T05:56:32","date_gmt":"2024-03-28T20:56:32","guid":{"rendered":"http:\/\/57.181.44.63\/?page_id=62"},"modified":"2024-04-23T10:21:29","modified_gmt":"2024-04-23T02:21:29","slug":"privacypolicy","status":"publish","type":"page","link":"https:\/\/joyjapan.tokyo\/vi\/privacypolicy\/","title":{"rendered":"Ch\u00ednh s\u00e1ch b\u1ea3o v\u1ec7 quy\u1ec1n ri\u00eang t\u01b0"},"content":{"rendered":"<p>BeA, Inc. (sau \u0111\u00e2y g\u1ecdi t\u1eaft l\u00e0 \u201cC\u00f4ng ty\u201d) \u0111\u00e3 thi\u1ebft l\u1eadp c\u00e1c nguy\u00ean t\u1eafc c\u01a1 b\u1ea3n sau \u0111\u00e2y \u0111\u1ec3 b\u1ea3o v\u1ec7 th\u00f4ng tin c\u00e1 nh\u00e2n c\u1ee7a ng\u01b0\u1eddi d\u00f9ng v\u00e0 kh\u00e1ch h\u00e0ng (sau \u0111\u00e2y g\u1ecdi chung l\u00e0 \u201cKh\u00e1ch h\u00e0ng\u201d) tr\u00ean c\u00e1c trang web v\u00e0 d\u1ecbch v\u1ee5 do C\u00f4ng ty v\u1eadn h\u00e0nh v\u00e0 qu\u1ea3n l\u00fd.<\/p>\r\n<p><a href=\"https:\/\/bea.jp\/privacy\/\" target=\"_blank\" rel=\"noopener\">Ch\u00ednh s\u00e1ch b\u1ea3o v\u1ec7 quy\u1ec1n ri\u00eang t\u01b0 c\u1ee7a BeA, Inc. (ti\u1ebfng Nh\u1eadt)<\/a><\/p>","protected":false},"excerpt":{"rendered":"<p>BeA,Inc.\uff08\u4ee5\u4e0b\u7c21\u7a31 &#8220;\u672c\u516c\u53f8&#8221;\uff09\u5236\u5b9a\u4e86\u4ee5\u4e0b\u57fa\u672c\u539f\u5247\uff0c\u4ee5\u4fdd\u8b77\u516c\u53f8\u7d93\u71df\u548c\u7ba1\u7406\u7684\u7db2\u7ad9 [&hellip;]<\/p>","protected":false},"author":1,"featured_media":0,"parent":0,"menu_order":0,"comment_status":"closed","ping_status":"closed","template":"","meta":{"footnotes":""},"class_list":["post-62","page","type-page","status-publish","hentry"],"yoast_head":"<!-- This site is optimized with the Yoast SEO plugin v22.3 - https:\/\/yoast.com\/wordpress\/plugins\/seo\/ -->\n<title>\u96b1\u79c1\u6b0a\u4fdd\u8b77\u653f\u7b56 - JOY JAPAN \u63ea\u611b\u65e5\u672c<\/title>\n<meta name=\"robots\" content=\"index, follow, max-snippet:-1, max-image-preview:large, max-video-preview:-1\" \/>\n<link rel=\"canonical\" href=\"https:\/\/joyjapan.tokyo\/vi\/privacypolicy\/\" \/>\n<meta property=\"og:locale\" content=\"vi_VN\" \/>\n<meta property=\"og:type\" content=\"article\" \/>\n<meta property=\"og:title\" content=\"\u96b1\u79c1\u6b0a\u4fdd\u8b77\u653f\u7b56 - JOY JAPAN \u63ea\u611b\u65e5\u672c\" \/>\n<meta property=\"og:description\" content=\"BeA,Inc.\uff08\u4ee5\u4e0b\u7c21\u7a31 &#8220;\u672c\u516c\u53f8&#8221;\uff09\u5236\u5b9a\u4e86\u4ee5\u4e0b\u57fa\u672c\u539f\u5247\uff0c\u4ee5\u4fdd\u8b77\u516c\u53f8\u7d93\u71df\u548c\u7ba1\u7406\u7684\u7db2\u7ad9 [&hellip;]\" \/>\n<meta property=\"og:url\" content=\"https:\/\/joyjapan.tokyo\/vi\/privacypolicy\/\" \/>\n<meta property=\"og:site_name\" content=\"JOY JAPAN \u63ea\u611b\u65e5\u672c\" \/>\n<meta property=\"article:publisher\" content=\"https:\/\/www.facebook.com\/profile.php?id=61558041710771\" \/>\n<meta property=\"article:modified_time\" content=\"2024-04-23T02:21:29+00:00\" \/>\n<meta name=\"twitter:card\" content=\"summary_large_image\" \/>\n<meta name=\"twitter:label1\" content=\"\u01af\u1edbc t\u00ednh th\u1eddi gian \u0111\u1ecdc\" \/>\n\t<meta name=\"twitter:data1\" content=\"1 ph\u00fat\" \/>\n<script type=\"application\/ld+json\" class=\"yoast-schema-graph\">{\"@context\":\"https:\/\/schema.org\",\"@graph\":[{\"@type\":\"WebPage\",\"@id\":\"https:\/\/joyjapan.tokyo\/privacypolicy\/\",\"url\":\"https:\/\/joyjapan.tokyo\/privacypolicy\/\",\"name\":\"\u96b1\u79c1\u6b0a\u4fdd\u8b77\u653f\u7b56 - JOY JAPAN \u63ea\u611b\u65e5\u672c\",\"isPartOf\":{\"@id\":\"https:\/\/joyjapan.tokyo\/#website\"},\"datePublished\":\"2024-03-28T20:56:32+00:00\",\"dateModified\":\"2024-04-23T02:21:29+00:00\",\"breadcrumb\":{\"@id\":\"https:\/\/joyjapan.tokyo\/privacypolicy\/#breadcrumb\"},\"inLanguage\":\"vi\",\"potentialAction\":[{\"@type\":\"ReadAction\",\"target\":[\"https:\/\/joyjapan.tokyo\/privacypolicy\/\"]}]},{\"@type\":\"BreadcrumbList\",\"@id\":\"https:\/\/joyjapan.tokyo\/privacypolicy\/#breadcrumb\",\"itemListElement\":[{\"@type\":\"ListItem\",\"position\":1,\"name\":\"HOME\",\"item\":\"https:\/\/joyjapan.tokyo\/\"},{\"@type\":\"ListItem\",\"position\":2,\"name\":\"\u96b1\u79c1\u6b0a\u4fdd\u8b77\u653f\u7b56\"}]},{\"@type\":\"WebSite\",\"@id\":\"https:\/\/joyjapan.tokyo\/#website\",\"url\":\"https:\/\/joyjapan.tokyo\/\",\"name\":\"JOY JAPAN \u63ea\u611b\u65e5\u672c\",\"description\":\"\u65e5\u672c\uff0c\u8b93\u4f60\u767e\u73a9\u4e0d\u53ad\uff01 \u63ea\u611b\u65e5\u672c\uff0c\u5e36\u4f60\u63a2\u7d22\u65e5\u672c\u96b1\u85cf\u7248\u666f\u9ede\uff01\",\"publisher\":{\"@id\":\"https:\/\/joyjapan.tokyo\/#organization\"},\"potentialAction\":[{\"@type\":\"SearchAction\",\"target\":{\"@type\":\"EntryPoint\",\"urlTemplate\":\"https:\/\/joyjapan.tokyo\/?s={search_term_string}\"},\"query-input\":\"required name=search_term_string\"}],\"inLanguage\":\"vi\"},{\"@type\":\"Organization\",\"@id\":\"https:\/\/joyjapan.tokyo\/#organization\",\"name\":\"BeA,Inc.\",\"url\":\"https:\/\/joyjapan.tokyo\/\",\"logo\":{\"@type\":\"ImageObject\",\"inLanguage\":\"vi\",\"@id\":\"https:\/\/joyjapan.tokyo\/#\/schema\/logo\/image\/\",\"url\":\"http:\/\/57.181.44.63\/wp-content\/uploads\/2024\/04\/logo.png\",\"contentUrl\":\"http:\/\/57.181.44.63\/wp-content\/uploads\/2024\/04\/logo.png\",\"width\":400,\"height\":400,\"caption\":\"BeA,Inc.\"},\"image\":{\"@id\":\"https:\/\/joyjapan.tokyo\/#\/schema\/logo\/image\/\"},\"sameAs\":[\"https:\/\/www.facebook.com\/profile.php?id=61558041710771\",\"https:\/\/www.instagram.com\/joyjapan.tokyo\/\"]}]}<\/script>\n<!-- \/ Yoast SEO plugin. -->","yoast_head_json":{"title":"\u96b1\u79c1\u6b0a\u4fdd\u8b77\u653f\u7b56 - JOY JAPAN \u63ea\u611b\u65e5\u672c","robots":{"index":"index","follow":"follow","max-snippet":"max-snippet:-1","max-image-preview":"max-image-preview:large","max-video-preview":"max-video-preview:-1"},"canonical":"https:\/\/joyjapan.tokyo\/vi\/privacypolicy\/","og_locale":"vi_VN","og_type":"article","og_title":"\u96b1\u79c1\u6b0a\u4fdd\u8b77\u653f\u7b56 - JOY JAPAN \u63ea\u611b\u65e5\u672c","og_description":"BeA,Inc.\uff08\u4ee5\u4e0b\u7c21\u7a31 &#8220;\u672c\u516c\u53f8&#8221;\uff09\u5236\u5b9a\u4e86\u4ee5\u4e0b\u57fa\u672c\u539f\u5247\uff0c\u4ee5\u4fdd\u8b77\u516c\u53f8\u7d93\u71df\u548c\u7ba1\u7406\u7684\u7db2\u7ad9 [&hellip;]","og_url":"https:\/\/joyjapan.tokyo\/vi\/privacypolicy\/","og_site_name":"JOY JAPAN \u63ea\u611b\u65e5\u672c","article_publisher":"https:\/\/www.facebook.com\/profile.php?id=61558041710771","article_modified_time":"2024-04-23T02:21:29+00:00","twitter_card":"summary_large_image","twitter_misc":{"\u01af\u1edbc t\u00ednh th\u1eddi gian \u0111\u1ecdc":"1 ph\u00fat"},"schema":{"@context":"https:\/\/schema.org","@graph":[{"@type":"WebPage","@id":"https:\/\/joyjapan.tokyo\/privacypolicy\/","url":"https:\/\/joyjapan.tokyo\/privacypolicy\/","name":"\u96b1\u79c1\u6b0a\u4fdd\u8b77\u653f\u7b56 - JOY JAPAN \u63ea\u611b\u65e5\u672c","isPartOf":{"@id":"https:\/\/joyjapan.tokyo\/#website"},"datePublished":"2024-03-28T20:56:32+00:00","dateModified":"2024-04-23T02:21:29+00:00","breadcrumb":{"@id":"https:\/\/joyjapan.tokyo\/privacypolicy\/#breadcrumb"},"inLanguage":"vi","potentialAction":[{"@type":"ReadAction","target":["https:\/\/joyjapan.tokyo\/privacypolicy\/"]}]},{"@type":"BreadcrumbList","@id":"https:\/\/joyjapan.tokyo\/privacypolicy\/#breadcrumb","itemListElement":[{"@type":"ListItem","position":1,"name":"HOME","item":"https:\/\/joyjapan.tokyo\/"},{"@type":"ListItem","position":2,"name":"\u96b1\u79c1\u6b0a\u4fdd\u8b77\u653f\u7b56"}]},{"@type":"WebSite","@id":"https:\/\/joyjapan.tokyo\/#website","url":"https:\/\/joyjapan.tokyo\/","name":"JOY JAPAN Y\u00eau Nh\u1eadt B\u1ea3n","description":"Nh\u1eadt B\u1ea3n, n\u01a1i b\u1ea1n c\u00f3 th\u1ec3 kh\u00e1m ph\u00e1 m\u00e3i kh\u00f4ng ch\u00e1n! Y\u00eau Nh\u1eadt B\u1ea3n, \u0111\u01b0a b\u1ea1n kh\u00e1m ph\u00e1 nh\u1eefng \u0111i\u1ec3m tham quan \u1ea9n gi\u1ea5u c\u1ee7a Nh\u1eadt B\u1ea3n!","publisher":{"@id":"https:\/\/joyjapan.tokyo\/#organization"},"potentialAction":[{"@type":"SearchAction","target":{"@type":"EntryPoint","urlTemplate":"https:\/\/joyjapan.tokyo\/?s={search_term_string}"},"query-input":"required name=search_term_string"}],"inLanguage":"vi"},{"@type":"Organization","@id":"https:\/\/joyjapan.tokyo\/#organization","name":"BeA, Inc.","url":"https:\/\/joyjapan.tokyo\/","logo":{"@type":"ImageObject","inLanguage":"vi","@id":"https:\/\/joyjapan.tokyo\/#\/schema\/logo\/image\/","url":"http:\/\/57.181.44.63\/wp-content\/uploads\/2024\/04\/logo.png","contentUrl":"http:\/\/57.181.44.63\/wp-content\/uploads\/2024\/04\/logo.png","width":400,"height":400,"caption":"BeA,Inc."},"image":{"@id":"https:\/\/joyjapan.tokyo\/#\/schema\/logo\/image\/"},"sameAs":["https:\/\/www.facebook.com\/profile.php?id=61558041710771","https:\/\/www.instagram.com\/joyjapan.tokyo\/"]}]}},"_links":{"self":[{"href":"https:\/\/joyjapan.tokyo\/vi\/wp-json\/wp\/v2\/pages\/62","targetHints":{"allow":["GET"]}}],"collection":[{"href":"https:\/\/joyjapan.tokyo\/vi\/wp-json\/wp\/v2\/pages"}],"about":[{"href":"https:\/\/joyjapan.tokyo\/vi\/wp-json\/wp\/v2\/types\/page"}],"author":[{"embeddable":true,"href":"https:\/\/joyjapan.tokyo\/vi\/wp-json\/wp\/v2\/users\/1"}],"replies":[{"embeddable":true,"href":"https:\/\/joyjapan.tokyo\/vi\/wp-json\/wp\/v2\/comments?post=62"}],"version-history":[{"count":3,"href":"https:\/\/joyjapan.tokyo\/vi\/wp-json\/wp\/v2\/pages\/62\/revisions"}],"predecessor-version":[{"id":4436,"href":"https:\/\/joyjapan.tokyo\/vi\/wp-json\/wp\/v2\/pages\/62\/revisions\/4436"}],"wp:attachment":[{"href":"https:\/\/joyjapan.tokyo\/vi\/wp-json\/wp\/v2\/media?parent=62"}],"curies":[{"name":"wp","href":"https:\/\/api.w.org\/{rel}","templated":true}]}}